{"id":66,"date":"2025-08-20T18:54:46","date_gmt":"2025-08-20T18:54:46","guid":{"rendered":"https:\/\/www.rymymetsa.fi\/?page_id=66"},"modified":"2026-03-29T09:35:51","modified_gmt":"2026-03-29T09:35:51","slug":"ajanvaraus","status":"publish","type":"page","link":"https:\/\/www.rymymetsa.fi\/index.php\/ajanvaraus\/","title":{"rendered":"Ajanvaraus"},"content":{"rendered":"\n<p>T\u00e4\u00e4lt\u00e4 voit tarkistaa vapaat ajat ja varata k\u00e4tev\u00e4sti oman vuorosi.<\/p>\n\n\n\n<div style=\"height:10px\" aria-hidden=\"true\" class=\"wp-block-spacer\"><\/div>\n\n\n\n<div class=\"wp-block-buttons is-content-justification-center is-layout-flex wp-container-core-buttons-is-layout-a89b3969 wp-block-buttons-is-layout-flex\">\n<div class=\"wp-block-button is-style-fill\"><a class=\"wp-block-button__link wp-element-button\" href=\"https:\/\/slotti.fi\/booking\/koirametsarymy\/\" target=\"_blank\" rel=\"noreferrer noopener\"><strong>Varaa aika<\/strong><\/a><\/div>\n<\/div>\n\n\n\n<div style=\"height:10px\" aria-hidden=\"true\" class=\"wp-block-spacer\"><\/div>\n\n\n\n<p>N\u00e4et kalenterista vapaat vuorot ja hinnat valittuasi koirien m\u00e4\u00e4r\u00e4n ja varauksen keston. Kalenteri j\u00e4tt\u00e4\u00e4 automaattisesti 15 minuutin vaihtoajan varausten v\u00e4liin, joten voit rauhassa k\u00e4ytt\u00e4\u00e4 koko varaamasi ajan koiramets\u00e4ss\u00e4.<\/p>\n\n\n\n<p>Huomaathan, ett\u00e4 kalenteri n\u00e4ytt\u00e4\u00e4 vapaat ajat valitsemallesi varauksen kestolle. Joskus hieman lyhyemm\u00e4lle vuorolle voi l\u00f6yty\u00e4 lis\u00e4\u00e4 vapaita aikoja!<\/p>\n\n\n\n<p>Ajanvarauksen alta l\u00f6yd\u00e4t k\u00e4tev\u00e4sti my\u00f6s edulliset sarjakorttimme.<\/p>\n\n\n\n<p>Y\u00f6pymisen ajanvarauksen voit tehd\u00e4 s\u00e4hk\u00f6postitse sauli@rymymetsa.fi.<\/p>\n\n\n\n<div style=\"height:5px\" aria-hidden=\"true\" class=\"wp-block-spacer\"><\/div>\n\n\n\n<figure class=\"wp-block-image aligncenter size-full is-resized\"><img loading=\"lazy\" decoding=\"async\" width=\"1080\" height=\"1080\" src=\"https:\/\/www.rymymetsa.fi\/wp-content\/uploads\/2026\/03\/EPassi-Koirametsa-Rymy-Salo-kay-meilla.png\" alt=\"Koiramets\u00e4 Rymy Salo rymymetsa\" class=\"wp-image-368\" style=\"width:99px;height:auto\" srcset=\"https:\/\/www.rymymetsa.fi\/wp-content\/uploads\/2026\/03\/EPassi-Koirametsa-Rymy-Salo-kay-meilla.png 1080w, https:\/\/www.rymymetsa.fi\/wp-content\/uploads\/2026\/03\/EPassi-Koirametsa-Rymy-Salo-kay-meilla-300x300.png 300w, https:\/\/www.rymymetsa.fi\/wp-content\/uploads\/2026\/03\/EPassi-Koirametsa-Rymy-Salo-kay-meilla-1024x1024.png 1024w, https:\/\/www.rymymetsa.fi\/wp-content\/uploads\/2026\/03\/EPassi-Koirametsa-Rymy-Salo-kay-meilla-150x150.png 150w, https:\/\/www.rymymetsa.fi\/wp-content\/uploads\/2026\/03\/EPassi-Koirametsa-Rymy-Salo-kay-meilla-768x768.png 768w\" sizes=\"auto, (max-width: 1080px) 100vw, 1080px\" \/><\/figure>\n\n\n\n<hr class=\"wp-block-separator alignwide has-alpha-channel-opacity\"\/>\n","protected":false},"excerpt":{"rendered":"<p>T\u00e4\u00e4lt\u00e4 voit tarkistaa vapaat ajat ja varata k\u00e4tev\u00e4sti oman vuorosi. N\u00e4et kalenterista vapaat vuorot ja hinnat valittuasi koirien m\u00e4\u00e4r\u00e4n ja varauksen keston. Kalenteri j\u00e4tt\u00e4\u00e4 automaattisesti 15 minuutin vaihtoajan varausten v\u00e4liin, joten voit rauhassa k\u00e4ytt\u00e4\u00e4 koko varaamasi ajan koiramets\u00e4ss\u00e4. Huomaathan, ett\u00e4 kalenteri n\u00e4ytt\u00e4\u00e4 vapaat ajat valitsemallesi varauksen kestolle. Joskus hieman lyhyemm\u00e4lle vuorolle voi l\u00f6yty\u00e4 lis\u00e4\u00e4 vapaita [&hellip;]<\/p>\n","protected":false},"author":1,"featured_media":191,"parent":0,"menu_order":2,"comment_status":"closed","ping_status":"closed","template":"","meta":{"footnotes":""},"class_list":["post-66","page","type-page","status-publish","has-post-thumbnail","hentry"],"_links":{"self":[{"href":"https:\/\/www.rymymetsa.fi\/index.php\/wp-json\/wp\/v2\/pages\/66","targetHints":{"allow":["GET"]}}],"collection":[{"href":"https:\/\/www.rymymetsa.fi\/index.php\/wp-json\/wp\/v2\/pages"}],"about":[{"href":"https:\/\/www.rymymetsa.fi\/index.php\/wp-json\/wp\/v2\/types\/page"}],"author":[{"embeddable":true,"href":"https:\/\/www.rymymetsa.fi\/index.php\/wp-json\/wp\/v2\/users\/1"}],"replies":[{"embeddable":true,"href":"https:\/\/www.rymymetsa.fi\/index.php\/wp-json\/wp\/v2\/comments?post=66"}],"version-history":[{"count":26,"href":"https:\/\/www.rymymetsa.fi\/index.php\/wp-json\/wp\/v2\/pages\/66\/revisions"}],"predecessor-version":[{"id":374,"href":"https:\/\/www.rymymetsa.fi\/index.php\/wp-json\/wp\/v2\/pages\/66\/revisions\/374"}],"wp:featuredmedia":[{"embeddable":true,"href":"https:\/\/www.rymymetsa.fi\/index.php\/wp-json\/wp\/v2\/media\/191"}],"wp:attachment":[{"href":"https:\/\/www.rymymetsa.fi\/index.php\/wp-json\/wp\/v2\/media?parent=66"}],"curies":[{"name":"wp","href":"https:\/\/api.w.org\/{rel}","templated":true}]}}